{"id":374,"date":"2024-02-14T14:45:37","date_gmt":"2024-02-14T13:45:37","guid":{"rendered":"https:\/\/webrave.io\/?page_id=374"},"modified":"2026-02-13T22:24:26","modified_gmt":"2026-02-13T21:24:26","slug":"funnel-teasing","status":"publish","type":"page","link":"https:\/\/webrave.io\/","title":{"rendered":"[2024] Landing Page &#8211; Teasing"},"content":{"rendered":"<p><img data-recalc-dims=\"1\" fetchpriority=\"high\" decoding=\"async\" width=\"800\" height=\"800\" src=\"https:\/\/i0.wp.com\/webrave.io\/wp-content\/uploads\/2023\/05\/346108839_243950434887797_2335804763165017311_n.png?resize=800%2C800&#038;ssl=1\" alt=\"Logo We Brave\" srcset=\"https:\/\/i0.wp.com\/webrave.io\/wp-content\/uploads\/2023\/05\/346108839_243950434887797_2335804763165017311_n.png?resize=1024%2C1024&amp;ssl=1 1024w, https:\/\/i0.wp.com\/webrave.io\/wp-content\/uploads\/2023\/05\/346108839_243950434887797_2335804763165017311_n.png?resize=300%2C300&amp;ssl=1 300w, https:\/\/i0.wp.com\/webrave.io\/wp-content\/uploads\/2023\/05\/346108839_243950434887797_2335804763165017311_n.png?resize=150%2C150&amp;ssl=1 150w, https:\/\/i0.wp.com\/webrave.io\/wp-content\/uploads\/2023\/05\/346108839_243950434887797_2335804763165017311_n.png?resize=768%2C768&amp;ssl=1 768w, https:\/\/i0.wp.com\/webrave.io\/wp-content\/uploads\/2023\/05\/346108839_243950434887797_2335804763165017311_n.png?resize=1536%2C1536&amp;ssl=1 1536w, https:\/\/i0.wp.com\/webrave.io\/wp-content\/uploads\/2023\/05\/346108839_243950434887797_2335804763165017311_n.png?resize=2048%2C2048&amp;ssl=1 2048w, https:\/\/i0.wp.com\/webrave.io\/wp-content\/uploads\/2023\/05\/346108839_243950434887797_2335804763165017311_n.png?resize=1080%2C1080&amp;ssl=1 1080w, https:\/\/i0.wp.com\/webrave.io\/wp-content\/uploads\/2023\/05\/346108839_243950434887797_2335804763165017311_n.png?resize=1280%2C1280&amp;ssl=1 1280w, https:\/\/i0.wp.com\/webrave.io\/wp-content\/uploads\/2023\/05\/346108839_243950434887797_2335804763165017311_n.png?resize=980%2C980&amp;ssl=1 980w, https:\/\/i0.wp.com\/webrave.io\/wp-content\/uploads\/2023\/05\/346108839_243950434887797_2335804763165017311_n.png?resize=480%2C480&amp;ssl=1 480w, https:\/\/i0.wp.com\/webrave.io\/wp-content\/uploads\/2023\/05\/346108839_243950434887797_2335804763165017311_n.png?resize=1320%2C1320&amp;ssl=1 1320w, https:\/\/i0.wp.com\/webrave.io\/wp-content\/uploads\/2023\/05\/346108839_243950434887797_2335804763165017311_n.png?resize=600%2C600&amp;ssl=1 600w, https:\/\/i0.wp.com\/webrave.io\/wp-content\/uploads\/2023\/05\/346108839_243950434887797_2335804763165017311_n.png?resize=100%2C100&amp;ssl=1 100w, https:\/\/i0.wp.com\/webrave.io\/wp-content\/uploads\/2023\/05\/346108839_243950434887797_2335804763165017311_n.png?w=1600&amp;ssl=1 1600w, https:\/\/i0.wp.com\/webrave.io\/wp-content\/uploads\/2023\/05\/346108839_243950434887797_2335804763165017311_n.png?w=2400&amp;ssl=1 2400w\" sizes=\"(max-width: 800px) 100vw, 800px\" \/><br \/>\n\t\t\t\t\t\t\t\t\t\t\t\t\t\t\t<img data-recalc-dims=\"1\" decoding=\"async\" width=\"335\" height=\"119\" src=\"https:\/\/i0.wp.com\/webrave.io\/wp-content\/uploads\/2024\/02\/tagline_1.png?resize=335%2C119&#038;ssl=1\" alt=\"Slogan We Brave\" srcset=\"https:\/\/i0.wp.com\/webrave.io\/wp-content\/uploads\/2024\/02\/tagline_1.png?w=335&amp;ssl=1 335w, https:\/\/i0.wp.com\/webrave.io\/wp-content\/uploads\/2024\/02\/tagline_1.png?resize=300%2C107&amp;ssl=1 300w\" sizes=\"(max-width: 335px) 100vw, 335px\" \/>\t\t\t\t\t\t\t\t\t\t\t\t\t\t\t<\/p>\n<p>Des m\u00e9thodes et des outils pour mieux vivre<br \/> avec sa maladie chronique<\/p>\n<p>\t\t\t\t\t\t\t\t\t\t\t\t\t\t\t<img data-recalc-dims=\"1\" decoding=\"async\" width=\"800\" height=\"330\" src=\"https:\/\/i0.wp.com\/webrave.io\/wp-content\/uploads\/2024\/02\/people.png?resize=800%2C330&#038;ssl=1\" alt=\"\" srcset=\"https:\/\/i0.wp.com\/webrave.io\/wp-content\/uploads\/2024\/02\/people.png?resize=1024%2C423&amp;ssl=1 1024w, https:\/\/i0.wp.com\/webrave.io\/wp-content\/uploads\/2024\/02\/people.png?resize=300%2C124&amp;ssl=1 300w, https:\/\/i0.wp.com\/webrave.io\/wp-content\/uploads\/2024\/02\/people.png?resize=768%2C317&amp;ssl=1 768w, https:\/\/i0.wp.com\/webrave.io\/wp-content\/uploads\/2024\/02\/people.png?resize=600%2C248&amp;ssl=1 600w, https:\/\/i0.wp.com\/webrave.io\/wp-content\/uploads\/2024\/02\/people.png?w=1080&amp;ssl=1 1080w\" sizes=\"(max-width: 800px) 100vw, 800px\" \/><br \/>\n\t\t\t\t\t\t\t\t\t\t\t\t\t\t\t<img data-recalc-dims=\"1\" loading=\"lazy\" decoding=\"async\" width=\"800\" height=\"171\" src=\"https:\/\/i0.wp.com\/webrave.io\/wp-content\/uploads\/2024\/02\/liveStronger_10.png?resize=800%2C171&#038;ssl=1\" alt=\"Votre avis compte\" srcset=\"https:\/\/i0.wp.com\/webrave.io\/wp-content\/uploads\/2024\/02\/liveStronger_10.png?resize=1024%2C219&amp;ssl=1 1024w, https:\/\/i0.wp.com\/webrave.io\/wp-content\/uploads\/2024\/02\/liveStronger_10.png?resize=300%2C64&amp;ssl=1 300w, https:\/\/i0.wp.com\/webrave.io\/wp-content\/uploads\/2024\/02\/liveStronger_10.png?resize=768%2C164&amp;ssl=1 768w, https:\/\/i0.wp.com\/webrave.io\/wp-content\/uploads\/2024\/02\/liveStronger_10.png?resize=600%2C128&amp;ssl=1 600w, https:\/\/i0.wp.com\/webrave.io\/wp-content\/uploads\/2024\/02\/liveStronger_10.png?w=1077&amp;ssl=1 1077w\" sizes=\"(max-width: 800px) 100vw, 800px\" \/><br \/>\n\t\t\t\t\t\t\t\t\t\t\t\t\t\t\t<img data-recalc-dims=\"1\" loading=\"lazy\" decoding=\"async\" width=\"512\" height=\"512\" src=\"https:\/\/i0.wp.com\/webrave.io\/wp-content\/uploads\/2024\/02\/tester.png?resize=512%2C512&#038;ssl=1\" alt=\"Join We brave\" srcset=\"https:\/\/i0.wp.com\/webrave.io\/wp-content\/uploads\/2024\/02\/tester.png?w=512&amp;ssl=1 512w, https:\/\/i0.wp.com\/webrave.io\/wp-content\/uploads\/2024\/02\/tester.png?resize=300%2C300&amp;ssl=1 300w, https:\/\/i0.wp.com\/webrave.io\/wp-content\/uploads\/2024\/02\/tester.png?resize=150%2C150&amp;ssl=1 150w, https:\/\/i0.wp.com\/webrave.io\/wp-content\/uploads\/2024\/02\/tester.png?resize=100%2C100&amp;ssl=1 100w\" sizes=\"(max-width: 512px) 100vw, 512px\" \/><br \/>\n\t\tVous \u00eates patient ou aidant ? <br \/>Participez \u00e0 notre enqu\u00eate et aidez-nous \u00e0 mieux comprendre vos besoins.<br \/>\n\t\t\t\t\t<a href=\"#form_id\"><br \/>\n\t\t\t\t\t\t\t\t\tContactez-nous<br \/>\n\t\t\t\t\t<\/a><br \/>\n\t\t\t\t\t\t\t\t\t\t\t\t\t\t\t<img data-recalc-dims=\"1\" loading=\"lazy\" decoding=\"async\" width=\"800\" height=\"273\" src=\"https:\/\/i0.wp.com\/webrave.io\/wp-content\/uploads\/2024\/02\/contact_9.png?resize=800%2C273&#038;ssl=1\" alt=\"\" srcset=\"https:\/\/i0.wp.com\/webrave.io\/wp-content\/uploads\/2024\/02\/contact_9.png?resize=1024%2C349&amp;ssl=1 1024w, https:\/\/i0.wp.com\/webrave.io\/wp-content\/uploads\/2024\/02\/contact_9.png?resize=300%2C102&amp;ssl=1 300w, https:\/\/i0.wp.com\/webrave.io\/wp-content\/uploads\/2024\/02\/contact_9.png?resize=768%2C262&amp;ssl=1 768w, https:\/\/i0.wp.com\/webrave.io\/wp-content\/uploads\/2024\/02\/contact_9.png?resize=600%2C204&amp;ssl=1 600w, https:\/\/i0.wp.com\/webrave.io\/wp-content\/uploads\/2024\/02\/contact_9.png?w=1060&amp;ssl=1 1060w\" sizes=\"(max-width: 800px) 100vw, 800px\" \/>\t\t\t\t\t\t\t\t\t\t\t\t\t\t\t<\/p>\n<p>Envie de partager une id\u00e9e, poser une question <br \/>ou faire une suggestion ? <br \/>Nous sommes \u00e0 votre \u00e9coute ! <br \/>Contactez-nous d\u00e8s maintenant.<\/p>\n<form id=\"wpforms-form-244\" data-formid=\"244\" method=\"post\" enctype=\"multipart\/form-data\" action=\"\/wp-admin\/admin-ajax.php\" data-token=\"ac1f1a2662bf81164d8d713bfd7dfff4\" data-token-time=\"1771006178\"><noscript>Veuillez activer JavaScript dans votre navigateur pour remplir ce formulaire.<\/noscript>Veuillez activer JavaScript dans votre navigateur pour remplir ce formulaire.<label for=\"wpforms-244-field_0\">Nom *<\/label><input type=\"text\" id=\"wpforms-244-field_0\" name=\"wpforms[fields][0]\" aria-errormessage=\"wpforms-244-field_0-error\" required><label for=\"wpforms-244-field_1\">E-mail *<\/label><input type=\"email\" id=\"wpforms-244-field_1\" name=\"wpforms[fields][1]\" spellcheck=\"false\" aria-errormessage=\"wpforms-244-field_1-error\" required><label for=\"wpforms-244-field_2\">Commentaire ou message<\/label><textarea id=\"wpforms-244-field_2\" name=\"wpforms[fields][2]\" aria-errormessage=\"wpforms-244-field_2-error\" ><\/textarea><!-- .wpforms-field-container --><input type=\"hidden\" name=\"wpforms[id]\" value=\"244\">\t\t\t<input\n\t\t\t\ttype=\"hidden\"\n\t\t\t\tname=\"wpforms[nonce]\"\n\t\t\t\tvalue=\"486dcc9072\"\n\t\t\t\/><br \/>\n\t\t\t<input type=\"hidden\" name=\"page_title\" value=\"{page_title}\"><input type=\"hidden\" name=\"page_url\" value=\"http:\/\/page_url\"><input type=\"hidden\" name=\"url_referer\" value=\"http:\/\/url_referer\"><button type=\"submit\" name=\"wpforms[submit]\" id=\"wpforms-submit-244\" data-alt-text=\"Envoi...\" data-submit-text=\"Envoyer\" aria-live=\"assertive\" value=\"wpforms-submit\">Envoyer<\/button><img loading=\"lazy\" decoding=\"async\" src=\"https:\/\/webrave.io\/wp-content\/plugins\/wpforms-lite\/assets\/images\/submit-spin.svg\" style=\"display: none;\" width=\"26\" height=\"26\" alt=\"Chargement en cours\"><\/form>\n<p>  <!-- .wpforms-container --><br \/>\n\t\t\t\t\t\t\t\t\t\t\t\t\t\t\t<img data-recalc-dims=\"1\" loading=\"lazy\" decoding=\"async\" width=\"512\" height=\"512\" src=\"https:\/\/i0.wp.com\/webrave.io\/wp-content\/uploads\/2024\/02\/hiring.png?resize=512%2C512&#038;ssl=1\" alt=\"\" srcset=\"https:\/\/i0.wp.com\/webrave.io\/wp-content\/uploads\/2024\/02\/hiring.png?w=512&amp;ssl=1 512w, https:\/\/i0.wp.com\/webrave.io\/wp-content\/uploads\/2024\/02\/hiring.png?resize=300%2C300&amp;ssl=1 300w, https:\/\/i0.wp.com\/webrave.io\/wp-content\/uploads\/2024\/02\/hiring.png?resize=150%2C150&amp;ssl=1 150w, https:\/\/i0.wp.com\/webrave.io\/wp-content\/uploads\/2024\/02\/hiring.png?resize=100%2C100&amp;ssl=1 100w\" sizes=\"(max-width: 512px) 100vw, 512px\" \/>\t\t\t\t\t\t\t\t\t\t\t\t\t\t\t<\/p>\n<p>Rejoignez nous sur les r\u00e9seaux !\u200b<\/p>\n<p>\t\t\t<a href=\"https:\/\/www.instagram.com\/webrave_fr?igsh=cGR0aHo0ZjhpdG51\"><br \/>\n\t\t\t\t\t\t<\/a><br \/>\n\t\t\t<a href=\"https:\/\/www.linkedin.com\/company\/we-brave\/about\/\"><br \/>\n\t\t\t\t\t\t<\/a><br \/>\n\t\t\t<a href=\"https:\/\/www.instagram.com\/webrave_fr?igsh=cGR0aHo0ZjhpdG51\"><br \/>\n\t\t\t\t\t\t<\/a><\/p>\n","protected":false},"excerpt":{"rendered":"<p>Des m\u00e9thodes et des outils pour mieux vivre avec sa maladie chronique Vous \u00eates patient ou aidant ? Participez \u00e0 notre enqu\u00eate et aidez-nous \u00e0 mieux comprendre vos besoins. Contactez-nous Envie de partager une id\u00e9e, poser une question ou faire une suggestion ? Nous sommes \u00e0 votre \u00e9coute ! Contactez-nous d\u00e8s maintenant. Veuillez activer JavaScript [&hellip;]<\/p>\n","protected":false},"author":1,"featured_media":0,"parent":0,"menu_order":0,"comment_status":"closed","ping_status":"closed","template":"elementor_canvas","meta":{"footnotes":""},"class_list":["post-374","page","type-page","status-publish","hentry"],"jetpack_sharing_enabled":true,"_links":{"self":[{"href":"https:\/\/webrave.io\/index.php\/wp-json\/wp\/v2\/pages\/374","targetHints":{"allow":["GET"]}}],"collection":[{"href":"https:\/\/webrave.io\/index.php\/wp-json\/wp\/v2\/pages"}],"about":[{"href":"https:\/\/webrave.io\/index.php\/wp-json\/wp\/v2\/types\/page"}],"author":[{"embeddable":true,"href":"https:\/\/webrave.io\/index.php\/wp-json\/wp\/v2\/users\/1"}],"replies":[{"embeddable":true,"href":"https:\/\/webrave.io\/index.php\/wp-json\/wp\/v2\/comments?post=374"}],"version-history":[{"count":439,"href":"https:\/\/webrave.io\/index.php\/wp-json\/wp\/v2\/pages\/374\/revisions"}],"predecessor-version":[{"id":1832,"href":"https:\/\/webrave.io\/index.php\/wp-json\/wp\/v2\/pages\/374\/revisions\/1832"}],"wp:attachment":[{"href":"https:\/\/webrave.io\/index.php\/wp-json\/wp\/v2\/media?parent=374"}],"curies":[{"name":"wp","href":"https:\/\/api.w.org\/{rel}","templated":true}]}}